{"id":595,"date":"2025-03-26T01:47:27","date_gmt":"2025-03-26T00:47:27","guid":{"rendered":"https:\/\/procuraduria.apure.gob.ve\/?page_id=595"},"modified":"2025-03-28T03:59:29","modified_gmt":"2025-03-28T02:59:29","slug":"leyes-estadales","status":"publish","type":"page","link":"https:\/\/procuraduria.apure.gob.ve\/index.php\/leyes-estadales\/","title":{"rendered":"Leyes Estadales"},"content":{"rendered":"\n<div class=\"wp-block-uagb-container uagb-block-96f8f2e3 alignfull uagb-is-root-container\"><div class=\"uagb-container-inner-blocks-wrap\">\n<div class=\"wp-block-uagb-advanced-heading uagb-block-14c8e3fa\"><h2 class=\"uagb-heading-text\">Leyes Estadales<\/h2><div class=\"uagb-separator\"><\/div><p class=\"uagb-desc-text\">Procuradur\u00eda General Estado Apure<\/p><\/div>\n<\/div><\/div>\n\n\n\n<div class=\"wp-block-uagb-container uagb-block-f497581b alignfull uagb-is-root-container\"><div class=\"uagb-container-inner-blocks-wrap\">\n<div class=\"wp-block-uagb-container uagb-block-59f43407\"><div class=\"_df_thumb \" id=\"df_654\"  _slug=\"ley-de-prefecturas-del-estado-apure\" data-title=\"ley-de-prefecturas-del-estado-apure\" wpoptions=\"true\" thumb=\"https:\/\/procuraduria.apure.gob.ve\/wp-content\/uploads\/2025\/03\/Ley-De-Prefecturas-Del-Estado-Apure.webp\" thumbtype=\"\" >Ley De Prefecturas Del Estado Apure<\/div><script class=\"df-shortcode-script\" nowprocket type=\"application\/javascript\">window.option_df_654 = {\"outline\":[],\"autoEnableOutline\":\"false\",\"autoEnableThumbnail\":\"false\",\"overwritePDFOutline\":\"false\",\"direction\":\"1\",\"pageSize\":\"0\",\"source\":\"https:\\\/\\\/procuraduria.apure.gob.ve\\\/wp-content\\\/uploads\\\/2025\\\/03\\\/LEY-DE-PREFECTURAS-DEL-ESTADO-APURE.pdf\",\"wpOptions\":\"true\"}; if(window.DFLIP && window.DFLIP.parseBooks){window.DFLIP.parseBooks();}<\/script>\n<\/div>\n\n\n\n<div class=\"wp-block-uagb-container uagb-block-50927078\"><div class=\"_df_thumb \" id=\"df_664\"  _slug=\"ley-del-fondo-regional-para-los-emprendimientos-e-innovaciones\" data-title=\"ley-del-fondo-regional-para-los-emprendimientos-e-innovaciones\" wpoptions=\"true\" thumb=\"https:\/\/procuraduria.apure.gob.ve\/wp-content\/uploads\/2025\/03\/Ley-Del-Fondo-Regional-Para-Los-Emprendimientos-E-Innovaciones.webp\" thumbtype=\"\" >Ley Del Fondo Regional Para Los Emprendimientos E Innovaciones<\/div><script class=\"df-shortcode-script\" nowprocket type=\"application\/javascript\">window.option_df_664 = {\"outline\":[],\"autoEnableOutline\":\"false\",\"autoEnableThumbnail\":\"false\",\"overwritePDFOutline\":\"false\",\"direction\":\"1\",\"pageSize\":\"0\",\"source\":\"https:\\\/\\\/procuraduria.apure.gob.ve\\\/wp-content\\\/uploads\\\/2025\\\/03\\\/LEY-DEL-FONDO-REGIONAL-PARA-LOS-EMPRENDIMIENTOS-E-INNOVACIONES-24.pdf\",\"wpOptions\":\"true\"}; if(window.DFLIP && window.DFLIP.parseBooks){window.DFLIP.parseBooks();}<\/script>\n<\/div>\n\n\n\n<div class=\"wp-block-uagb-container uagb-block-64b3eae0\"><div class=\"_df_thumb \" id=\"df_667\"  _slug=\"ley-de-reforma-parcial-de-la-ley-organica-de-la-contraloria-general-del-estado-apure\" data-title=\"ley-de-reforma-parcial-de-la-ley-organica-de-la-contraloria-general-del-estado-apure\" wpoptions=\"true\" thumb=\"https:\/\/procuraduria.apure.gob.ve\/wp-content\/uploads\/2025\/03\/Ley-De-Reforma-Parcial-De-La-Ley-Organica-De-La-Contraloria-General-Del-Estado-Apure.webp\" thumbtype=\"\" >Ley De Reforma Parcial De La Ley Org\u00e1nica De La Contralor\u00eda General Del Estado Apure<\/div><script class=\"df-shortcode-script\" nowprocket type=\"application\/javascript\">window.option_df_667 = {\"outline\":[],\"autoEnableOutline\":\"false\",\"autoEnableThumbnail\":\"false\",\"overwritePDFOutline\":\"false\",\"direction\":\"1\",\"pageSize\":\"0\",\"source\":\"https:\\\/\\\/procuraduria.apure.gob.ve\\\/wp-content\\\/uploads\\\/2025\\\/03\\\/LEY-ORGANICA-DE-LA-CONTRALORIA-GENERAL-DEL-ESTADO-APURE.pdf\",\"wpOptions\":\"true\"}; if(window.DFLIP && window.DFLIP.parseBooks){window.DFLIP.parseBooks();}<\/script>\n<\/div>\n\n\n\n<div class=\"wp-block-uagb-container uagb-block-11336257\"><div class=\"_df_thumb \" id=\"df_670\"  _slug=\"ley-de-archivos-y-registros-de-la-administracion-publica-del-estado-apure\" data-title=\"ley-de-archivos-y-registros-de-la-administracion-publica-del-estado-apure\" wpoptions=\"true\" thumb=\"https:\/\/procuraduria.apure.gob.ve\/wp-content\/uploads\/2025\/03\/Ley-De-Archivos-Y-Registros-De-La-Administracion-Publica-Del-Estado-Apure.webp\" thumbtype=\"\" >Ley De Archivos Y Registros De La Administraci\u00f3n P\u00fablica Del Estado Apure<\/div><script class=\"df-shortcode-script\" nowprocket type=\"application\/javascript\">window.option_df_670 = {\"outline\":[],\"autoEnableOutline\":\"false\",\"autoEnableThumbnail\":\"false\",\"overwritePDFOutline\":\"false\",\"direction\":\"1\",\"pageSize\":\"0\",\"source\":\"https:\\\/\\\/procuraduria.apure.gob.ve\\\/wp-content\\\/uploads\\\/2025\\\/03\\\/LEY-DE-ARCHIVOS-Y-REGISTROS-DEL-ESTADO-APURE.pdf\",\"wpOptions\":\"true\"}; if(window.DFLIP && window.DFLIP.parseBooks){window.DFLIP.parseBooks();}<\/script>\n<\/div>\n<\/div><\/div>\n\n\n\n<div class=\"wp-block-uagb-container uagb-block-a1e3bca7 alignfull uagb-is-root-container\"><div class=\"uagb-container-inner-blocks-wrap\">\n<div class=\"wp-block-uagb-container uagb-block-54b6d95b\"><div class=\"_df_thumb \" id=\"df_679\"  _slug=\"ley-de-organizacion-y-funcionamiento-de-la-administracion-publica-del-estado-apure\" data-title=\"ley-de-organizacion-y-funcionamiento-de-la-administracion-publica-del-estado-apure\" wpoptions=\"true\" thumb=\"https:\/\/procuraduria.apure.gob.ve\/wp-content\/uploads\/2025\/03\/Ley-De-Organizacion-Y-Funcionamiento-De-La-Administracion-Publica-Del-Estado-Apure.webp\" thumbtype=\"\" >Ley De Organizaci\u00f3n Y Funcionamiento De La Administraci\u00f3n P\u00fablica Del Estado Apure<\/div><script class=\"df-shortcode-script\" nowprocket type=\"application\/javascript\">window.option_df_679 = {\"outline\":[],\"autoEnableOutline\":\"false\",\"autoEnableThumbnail\":\"false\",\"overwritePDFOutline\":\"false\",\"direction\":\"1\",\"pageSize\":\"0\",\"source\":\"https:\\\/\\\/procuraduria.apure.gob.ve\\\/wp-content\\\/uploads\\\/2025\\\/03\\\/LEY-DE-ORGANIZACIO\\u0300N-Y-FUNCIONAMIENTO-DE-LA-ADMINISTRACIO\\u0300N-PUBLICA.pdf\",\"wpOptions\":\"true\"}; if(window.DFLIP && window.DFLIP.parseBooks){window.DFLIP.parseBooks();}<\/script>\n<\/div>\n\n\n\n<div class=\"wp-block-uagb-container uagb-block-e9aef519\"><div class=\"_df_thumb \" id=\"df_683\"  _slug=\"ley-de-las-potestades-tributarias-y-tributos-del-estado-apure\" data-title=\"ley-de-las-potestades-tributarias-y-tributos-del-estado-apure\" wpoptions=\"true\" thumb=\"https:\/\/procuraduria.apure.gob.ve\/wp-content\/uploads\/2025\/03\/Ley-De-Las-Potestades-Tributarias-Y-Tributos-Del-Estado-Apure.webp\" thumbtype=\"\" >Ley De Las Potestades Tributarias Y Tributos Del Estado Apure<\/div><script class=\"df-shortcode-script\" nowprocket type=\"application\/javascript\">window.option_df_683 = {\"outline\":[],\"autoEnableOutline\":\"false\",\"autoEnableThumbnail\":\"false\",\"overwritePDFOutline\":\"false\",\"direction\":\"1\",\"pageSize\":\"0\",\"source\":\"https:\\\/\\\/procuraduria.apure.gob.ve\\\/wp-content\\\/uploads\\\/2025\\\/03\\\/LEY-DE-POTESTADES-TRIBUTARIAS.pdf\",\"wpOptions\":\"true\"}; if(window.DFLIP && window.DFLIP.parseBooks){window.DFLIP.parseBooks();}<\/script>\n<\/div>\n\n\n\n<div class=\"wp-block-uagb-container uagb-block-656b1ed2\"><div class=\"_df_thumb \" id=\"df_686\"  _slug=\"ley-de-salud-del-estado-apure\" data-title=\"ley-de-salud-del-estado-apure\" wpoptions=\"true\" thumb=\"https:\/\/procuraduria.apure.gob.ve\/wp-content\/uploads\/2025\/03\/Ley-De-Salud-Del-Estado-Apure.webp\" thumbtype=\"\" >Ley De Salud Del Estado Apure<\/div><script class=\"df-shortcode-script\" nowprocket type=\"application\/javascript\">window.option_df_686 = {\"outline\":[],\"autoEnableOutline\":\"false\",\"autoEnableThumbnail\":\"false\",\"overwritePDFOutline\":\"false\",\"direction\":\"1\",\"pageSize\":\"0\",\"source\":\"https:\\\/\\\/procuraduria.apure.gob.ve\\\/wp-content\\\/uploads\\\/2025\\\/03\\\/7Ley-de-Salud-del-Estado-Apure.pdf\",\"wpOptions\":\"true\"}; if(window.DFLIP && window.DFLIP.parseBooks){window.DFLIP.parseBooks();}<\/script>\n<\/div>\n\n\n\n<div class=\"wp-block-uagb-container uagb-block-908ebaa1\"><div class=\"_df_thumb \" id=\"df_694\"  _slug=\"ley-de-reforma-parcial-a-la-ley-organica-de-hacienda-del-estado\" data-title=\"ley-de-reforma-parcial-a-la-ley-organica-de-hacienda-del-estado\" wpoptions=\"true\" thumb=\"https:\/\/procuraduria.apure.gob.ve\/wp-content\/uploads\/2025\/03\/Ley-De-Reforma-Parcial-A-La-Ley-Organica-De-Hacienda-Del-Estado.webp\" thumbtype=\"\" >Ley De Reforma Parcial A La Ley Org\u00e1nica De Hacienda Del Estado<\/div><script class=\"df-shortcode-script\" nowprocket type=\"application\/javascript\">window.option_df_694 = {\"outline\":[],\"autoEnableOutline\":\"false\",\"autoEnableThumbnail\":\"false\",\"overwritePDFOutline\":\"false\",\"direction\":\"1\",\"pageSize\":\"0\",\"source\":\"https:\\\/\\\/procuraduria.apure.gob.ve\\\/wp-content\\\/uploads\\\/2025\\\/03\\\/LEY-DE-REFORMA-PARCIAL-A-LA-LEY-ORGANICA-DE-HACIENDA-DEL-ESTADO.pdf\",\"wpOptions\":\"true\"}; if(window.DFLIP && window.DFLIP.parseBooks){window.DFLIP.parseBooks();}<\/script>\n<\/div>\n<\/div><\/div>\n\n\n\n<div class=\"wp-block-uagb-container uagb-block-f64423a3 alignfull uagb-is-root-container\"><div class=\"uagb-container-inner-blocks-wrap\">\n<div class=\"wp-block-uagb-container uagb-block-33b439fa\"><div class=\"_df_thumb \" id=\"df_698\"  _slug=\"decreto-para-sancionar-las-actividades-ilicitas-e-intencionales-generadoras-de-incendios-o-quema-indiscriminada-de-bosques-vegetacion-y-desechos-solidos-en-areas-urbanas-y-rurales-del-estado-apure\" data-title=\"decreto-para-sancionar-las-actividades-ilicitas-e-intencionales-generadoras-de-incendios-o-quema-indiscriminada-de-bosques-vegetacion-y-desechos-solidos-en-areas-urbanas-y-rurales-del-estado-apure\" wpoptions=\"true\" thumb=\"https:\/\/procuraduria.apure.gob.ve\/wp-content\/uploads\/2025\/03\/Decreto-Para-Sancionar-Las-Actividades-Ilicitas-E-Intencionales-Generadoras-De-Incendios-O-Quema-.webp\" thumbtype=\"\" >Decreto Para Sancionar Las Actividades Il\u00edcitas E Intencionales Generadoras De Incendios O Quema Indiscriminada De Bosques, Vegetaci\u00f3n Y Desechos S\u00f3lidos En \u00c1reas Urbanas Y Rurales Del Estado Apure<\/div><script class=\"df-shortcode-script\" nowprocket type=\"application\/javascript\">window.option_df_698 = {\"outline\":[],\"autoEnableOutline\":\"false\",\"autoEnableThumbnail\":\"false\",\"overwritePDFOutline\":\"false\",\"direction\":\"1\",\"pageSize\":\"0\",\"source\":\"https:\\\/\\\/procuraduria.apure.gob.ve\\\/wp-content\\\/uploads\\\/2025\\\/03\\\/DECRETO-PARA-SANCIONAR-INCENCIOS-Y-QUEMAS.pdf\",\"wpOptions\":\"true\"}; if(window.DFLIP && window.DFLIP.parseBooks){window.DFLIP.parseBooks();}<\/script>\n<\/div>\n\n\n\n<div class=\"wp-block-uagb-container uagb-block-bf7ee9f5\"><\/div>\n\n\n\n<div class=\"wp-block-uagb-container uagb-block-c0488c31\"><\/div>\n\n\n\n<div class=\"wp-block-uagb-container uagb-block-af0beb27\"><\/div>\n<\/div><\/div>\n\n\n\n<p><\/p>\n","protected":false},"excerpt":{"rendered":"<p>Leyes Estadales Procuradur\u00eda General Estado Apure<\/p>\n","protected":false},"author":1,"featured_media":0,"parent":0,"menu_order":0,"comment_status":"closed","ping_status":"closed","template":"","meta":{"_uag_custom_page_level_css":"","site-sidebar-layout":"default","site-content-layout":"","ast-site-content-layout":"","site-content-style":"default","site-sidebar-style":"default","ast-global-header-display":"","ast-banner-title-visibility":"","ast-main-header-display":"","ast-hfb-above-header-display":"","ast-hfb-below-header-display":"","ast-hfb-mobile-header-display":"","site-post-title":"disabled","ast-breadcrumbs-content":"","ast-featured-img":"","footer-sml-layout":"","theme-transparent-header-meta":"","adv-header-id-meta":"","stick-header-meta":"","header-above-stick-meta":"","header-main-stick-meta":"","header-below-stick-meta":"","astra-migrate-meta-layouts":"default","ast-page-background-enabled":"default","ast-page-background-meta":{"desktop":{"background-color":"var(--ast-global-color-5)","background-image":"","background-repeat":"repeat","background-position":"center center","background-size":"auto","background-attachment":"scroll","background-type":"","background-media":"","overlay-type":"","overlay-color":"","overlay-opacity":"","overlay-gradient":""},"tablet":{"background-color":"","background-image":"","background-repeat":"repeat","background-position":"center center","background-size":"auto","background-attachment":"scroll","background-type":"","background-media":"","overlay-type":"","overlay-color":"","overlay-opacity":"","overlay-gradient":""},"mobile":{"background-color":"","background-image":"","background-repeat":"repeat","background-position":"center center","background-size":"auto","background-attachment":"scroll","background-type":"","background-media":"","overlay-type":"","overlay-color":"","overlay-opacity":"","overlay-gradient":""}},"ast-content-background-meta":{"desktop":{"background-color":"var(--ast-global-color-4)","background-image":"","background-repeat":"repeat","background-position":"center center","background-size":"auto","background-attachment":"scroll","background-type":"","background-media":"","overlay-type":"","overlay-color":"","overlay-opacity":"","overlay-gradient":""},"tablet":{"background-color":"var(--ast-global-color-4)","background-image":"","background-repeat":"repeat","background-position":"center center","background-size":"auto","background-attachment":"scroll","background-type":"","background-media":"","overlay-type":"","overlay-color":"","overlay-opacity":"","overlay-gradient":""},"mobile":{"background-color":"var(--ast-global-color-4)","background-image":"","background-repeat":"repeat","background-position":"center center","background-size":"auto","background-attachment":"scroll","background-type":"","background-media":"","overlay-type":"","overlay-color":"","overlay-opacity":"","overlay-gradient":""}},"footnotes":""},"class_list":["post-595","page","type-page","status-publish","hentry"],"uagb_featured_image_src":{"full":false,"thumbnail":false,"medium":false,"medium_large":false,"large":false,"1536x1536":false,"2048x2048":false,"ultp_layout_landscape_large":false,"ultp_layout_landscape":false,"ultp_layout_portrait":false,"ultp_layout_square":false},"uagb_author_info":{"display_name":"tecnologia","author_link":"https:\/\/procuraduria.apure.gob.ve\/author\/tecnologia\/"},"uagb_comment_info":0,"uagb_excerpt":"Leyes Estadales Procuradur\u00eda General Estado Apure","_links":{"self":[{"href":"https:\/\/procuraduria.apure.gob.ve\/index.php\/wp-json\/wp\/v2\/pages\/595","targetHints":{"allow":["GET"]}}],"collection":[{"href":"https:\/\/procuraduria.apure.gob.ve\/index.php\/wp-json\/wp\/v2\/pages"}],"about":[{"href":"https:\/\/procuraduria.apure.gob.ve\/index.php\/wp-json\/wp\/v2\/types\/page"}],"author":[{"embeddable":true,"href":"https:\/\/procuraduria.apure.gob.ve\/index.php\/wp-json\/wp\/v2\/users\/1"}],"replies":[{"embeddable":true,"href":"https:\/\/procuraduria.apure.gob.ve\/index.php\/wp-json\/wp\/v2\/comments?post=595"}],"version-history":[{"count":13,"href":"https:\/\/procuraduria.apure.gob.ve\/index.php\/wp-json\/wp\/v2\/pages\/595\/revisions"}],"predecessor-version":[{"id":701,"href":"https:\/\/procuraduria.apure.gob.ve\/index.php\/wp-json\/wp\/v2\/pages\/595\/revisions\/701"}],"wp:attachment":[{"href":"https:\/\/procuraduria.apure.gob.ve\/index.php\/wp-json\/wp\/v2\/media?parent=595"}],"curies":[{"name":"wp","href":"https:\/\/api.w.org\/{rel}","templated":true}]}}